{"id":2964,"date":"2023-05-31T17:10:18","date_gmt":"2023-05-31T15:10:18","guid":{"rendered":"https:\/\/herama.com\/?post_type=product&#038;p=2964"},"modified":"2024-10-10T15:39:55","modified_gmt":"2024-10-10T13:39:55","slug":"etiqueta-de-viaje-espuela","status":"publish","type":"product","link":"https:\/\/herama.com\/en\/product\/etiqueta-de-viaje-espuela\/","title":{"rendered":"Etiqueta de viaje &#8220;Espuela&#8221;"},"content":{"rendered":"<p>La Etiqueta de Viaje en Piel Modelo &#8220;Espuela&#8221; est\u00e1 fabricada en piel de vacuno de curtici\u00f3n vegetal, esta etiqueta combina calidad y estilo. Su dise\u00f1o cuenta con una correilla ajustable con hebilla, permiti\u00e9ndote asegurarla f\u00e1cilmente a tu maleta, bolso o mochila. Adem\u00e1s, incorpora una ventana transparente en la parte frontal, que te permite insertar tu tarjeta de identificaci\u00f3n para una r\u00e1pida y f\u00e1cil lectura. Disponible en colores negro, marr\u00f3n y habana.<br \/>\n\u2713 Etiqueta de viaje de Piel de vacuno de curtici\u00f3n vegetal.<br \/>\n\u2713 Fabricado en Ubrique.<\/p>\n","protected":false},"excerpt":{"rendered":"<p>Etiqueta de viaje de piel de vacuno de curtici\u00f3n vegetal con correilla ajustable y ventana transparente para identificaci\u00f3n.<\/p>\n","protected":false},"featured_media":3176,"template":"","meta":[],"product_brand":[],"product_cat":[151],"product_tag":[],"class_list":{"0":"post-2964","1":"product","2":"type-product","3":"status-publish","4":"has-post-thumbnail","6":"product_cat-etiquetas","8":"first","9":"instock","10":"featured","11":"shipping-taxable","12":"purchasable","13":"product-type-variable","14":"has-default-attributes","15":"rtwpvg-product"},"_links":{"self":[{"href":"https:\/\/herama.com\/en\/wp-json\/wp\/v2\/product\/2964","targetHints":{"allow":["GET"]}}],"collection":[{"href":"https:\/\/herama.com\/en\/wp-json\/wp\/v2\/product"}],"about":[{"href":"https:\/\/herama.com\/en\/wp-json\/wp\/v2\/types\/product"}],"wp:featuredmedia":[{"embeddable":true,"href":"https:\/\/herama.com\/en\/wp-json\/wp\/v2\/media\/3176"}],"wp:attachment":[{"href":"https:\/\/herama.com\/en\/wp-json\/wp\/v2\/media?parent=2964"}],"wp:term":[{"taxonomy":"product_brand","embeddable":true,"href":"https:\/\/herama.com\/en\/wp-json\/wp\/v2\/product_brand?post=2964"},{"taxonomy":"product_cat","embeddable":true,"href":"https:\/\/herama.com\/en\/wp-json\/wp\/v2\/product_cat?post=2964"},{"taxonomy":"product_tag","embeddable":true,"href":"https:\/\/herama.com\/en\/wp-json\/wp\/v2\/product_tag?post=2964"}],"curies":[{"name":"wp","href":"https:\/\/api.w.org\/{rel}","templated":true}]}}