{"id":2961,"date":"2023-05-31T17:08:25","date_gmt":"2023-05-31T15:08:25","guid":{"rendered":"https:\/\/herama.com\/?post_type=product&#038;p=2961"},"modified":"2024-10-10T15:42:36","modified_gmt":"2024-10-10T13:42:36","slug":"monedero-llavero-de-piel-duende","status":"publish","type":"product","link":"https:\/\/herama.com\/en\/product\/monedero-llavero-de-piel-duende\/","title":{"rendered":"Monedero llavero de piel &#8220;Duende&#8221;"},"content":{"rendered":"<p>Monedero Llavero &#8220;Duende&#8221;. Fabricado en piel de vacuno de curtici\u00f3n vegetal, este monedero llavero es una soluci\u00f3n compacta y vers\u00e1til para llevar tus monedas, billetes y llaves de manera organizada. Cuenta con un pr\u00e1ctico cierre de cremallera que asegura la protecci\u00f3n de tus pertenencias. Su interior ofrece espacio suficiente para tus monedas y billetes, mientras que el llavero integrado te permite tener tus llaves siempre a mano. Disponible en colores negro, marr\u00f3n y habana.<br \/>\n\u2713 Monedero de Piel de vacuno de curtici\u00f3n vegetal.<br \/>\n\u2713 Fabricado en Ubrique.<\/p>\n","protected":false},"excerpt":{"rendered":"<p>Fabricado en piel de vacuno de curtici\u00f3n vegetal. Ideal para llevar tus monedas, billetes y llaves de manera segura y organizada.<\/p>\n","protected":false},"featured_media":3098,"template":"","meta":[],"product_brand":[],"product_cat":[149,150],"product_tag":[],"class_list":{"0":"post-2961","1":"product","2":"type-product","3":"status-publish","4":"has-post-thumbnail","6":"product_cat-monederos","7":"product_cat-llaveros","9":"first","10":"instock","11":"featured","12":"shipping-taxable","13":"purchasable","14":"product-type-variable","15":"has-default-attributes","16":"rtwpvg-product"},"_links":{"self":[{"href":"https:\/\/herama.com\/en\/wp-json\/wp\/v2\/product\/2961","targetHints":{"allow":["GET"]}}],"collection":[{"href":"https:\/\/herama.com\/en\/wp-json\/wp\/v2\/product"}],"about":[{"href":"https:\/\/herama.com\/en\/wp-json\/wp\/v2\/types\/product"}],"wp:featuredmedia":[{"embeddable":true,"href":"https:\/\/herama.com\/en\/wp-json\/wp\/v2\/media\/3098"}],"wp:attachment":[{"href":"https:\/\/herama.com\/en\/wp-json\/wp\/v2\/media?parent=2961"}],"wp:term":[{"taxonomy":"product_brand","embeddable":true,"href":"https:\/\/herama.com\/en\/wp-json\/wp\/v2\/product_brand?post=2961"},{"taxonomy":"product_cat","embeddable":true,"href":"https:\/\/herama.com\/en\/wp-json\/wp\/v2\/product_cat?post=2961"},{"taxonomy":"product_tag","embeddable":true,"href":"https:\/\/herama.com\/en\/wp-json\/wp\/v2\/product_tag?post=2961"}],"curies":[{"name":"wp","href":"https:\/\/api.w.org\/{rel}","templated":true}]}}