{"id":2960,"date":"2023-05-31T17:08:18","date_gmt":"2023-05-31T15:08:18","guid":{"rendered":"https:\/\/herama.com\/?post_type=product&#038;p=2960"},"modified":"2024-10-10T15:43:32","modified_gmt":"2024-10-10T13:43:32","slug":"billetero-americano-de-piel-cortijo","status":"publish","type":"product","link":"https:\/\/herama.com\/en\/product\/billetero-americano-de-piel-cortijo\/","title":{"rendered":"Billetero americano de piel &#8220;Cortijo&#8221;"},"content":{"rendered":"<p>El Billetero Americano &#8220;Cortijo&#8221; confeccionado en piel de vacuno de curtici\u00f3n vegetal. Su dise\u00f1o elegante y duradero garantiza una protecci\u00f3n \u00f3ptima para tus tarjetas. Con compartimentos espec\u00edficos, podr\u00e1s organizar hasta 8 tarjetas de forma segura. Adem\u00e1s, su guantera con compartimento doble te brinda espacio suficiente para tus billetes. Disponible en los colores negro, marr\u00f3n y habana.<br \/>\n\u2713 Billetero de Piel de vacuno de curtici\u00f3n vegetal.<br \/>\n\u2713 Fabricado en Ubrique.<\/p>\n","protected":false},"excerpt":{"rendered":"<p>Fabricado en piel de vacuno de curtici\u00f3n vegetal. <\/p>\n","protected":false},"featured_media":3009,"template":"","meta":[],"product_brand":[],"product_cat":[144],"product_tag":[],"class_list":{"0":"post-2960","1":"product","2":"type-product","3":"status-publish","4":"has-post-thumbnail","6":"product_cat-billeteros","8":"first","9":"instock","10":"featured","11":"shipping-taxable","12":"purchasable","13":"product-type-variable","14":"has-default-attributes","15":"rtwpvg-product"},"_links":{"self":[{"href":"https:\/\/herama.com\/en\/wp-json\/wp\/v2\/product\/2960","targetHints":{"allow":["GET"]}}],"collection":[{"href":"https:\/\/herama.com\/en\/wp-json\/wp\/v2\/product"}],"about":[{"href":"https:\/\/herama.com\/en\/wp-json\/wp\/v2\/types\/product"}],"wp:featuredmedia":[{"embeddable":true,"href":"https:\/\/herama.com\/en\/wp-json\/wp\/v2\/media\/3009"}],"wp:attachment":[{"href":"https:\/\/herama.com\/en\/wp-json\/wp\/v2\/media?parent=2960"}],"wp:term":[{"taxonomy":"product_brand","embeddable":true,"href":"https:\/\/herama.com\/en\/wp-json\/wp\/v2\/product_brand?post=2960"},{"taxonomy":"product_cat","embeddable":true,"href":"https:\/\/herama.com\/en\/wp-json\/wp\/v2\/product_cat?post=2960"},{"taxonomy":"product_tag","embeddable":true,"href":"https:\/\/herama.com\/en\/wp-json\/wp\/v2\/product_tag?post=2960"}],"curies":[{"name":"wp","href":"https:\/\/api.w.org\/{rel}","templated":true}]}}