{"id":2636,"date":"2023-05-26T20:04:30","date_gmt":"2023-05-26T18:04:30","guid":{"rendered":"https:\/\/herama.com\/?post_type=product&#038;p=2636"},"modified":"2024-10-10T15:47:25","modified_gmt":"2024-10-10T13:47:25","slug":"billetero-de-piel-olivar","status":"publish","type":"product","link":"https:\/\/herama.com\/en\/product\/billetero-de-piel-olivar\/","title":{"rendered":"Billetero de piel &#8220;Olivar&#8221;"},"content":{"rendered":"<p>El billetero modelo &#8220;Olivar&#8221; es un pr\u00e1ctico accesorio de piel de vacuno de curtici\u00f3n vegetal. Cuenta con compartimentos para m\u00e1s de 10 tarjetas, incluyendo una ventana para DNI, y un amplio monedero con broche en la parte trasera. Su dise\u00f1o compacto y funcional te permite mantener tus pertenencias organizadas de manera conveniente.<br \/>\n\u2713 Billetero de Piel de vacuno de curtici\u00f3n vegetal.<br \/>\n\u2713 Fabricado en Ubrique.<\/p>\n","protected":false},"excerpt":{"rendered":"<p>Piel de curtici\u00f3n vegetal. Compartimentos para tarjetas, ventana para DNI y amplio monedero con broche.<\/p>\n","protected":false},"featured_media":2678,"template":"","meta":[],"product_brand":[],"product_cat":[144],"product_tag":[],"class_list":{"0":"post-2636","1":"product","2":"type-product","3":"status-publish","4":"has-post-thumbnail","6":"product_cat-billeteros","8":"first","9":"instock","10":"featured","11":"shipping-taxable","12":"purchasable","13":"product-type-variable","14":"has-default-attributes","15":"rtwpvg-product"},"_links":{"self":[{"href":"https:\/\/herama.com\/en\/wp-json\/wp\/v2\/product\/2636","targetHints":{"allow":["GET"]}}],"collection":[{"href":"https:\/\/herama.com\/en\/wp-json\/wp\/v2\/product"}],"about":[{"href":"https:\/\/herama.com\/en\/wp-json\/wp\/v2\/types\/product"}],"wp:featuredmedia":[{"embeddable":true,"href":"https:\/\/herama.com\/en\/wp-json\/wp\/v2\/media\/2678"}],"wp:attachment":[{"href":"https:\/\/herama.com\/en\/wp-json\/wp\/v2\/media?parent=2636"}],"wp:term":[{"taxonomy":"product_brand","embeddable":true,"href":"https:\/\/herama.com\/en\/wp-json\/wp\/v2\/product_brand?post=2636"},{"taxonomy":"product_cat","embeddable":true,"href":"https:\/\/herama.com\/en\/wp-json\/wp\/v2\/product_cat?post=2636"},{"taxonomy":"product_tag","embeddable":true,"href":"https:\/\/herama.com\/en\/wp-json\/wp\/v2\/product_tag?post=2636"}],"curies":[{"name":"wp","href":"https:\/\/api.w.org\/{rel}","templated":true}]}}