{"id":2446,"date":"2023-05-26T19:07:26","date_gmt":"2023-05-26T17:07:26","guid":{"rendered":"https:\/\/herama.com\/?post_type=product&#038;p=2446"},"modified":"2024-10-10T15:48:34","modified_gmt":"2024-10-10T13:48:34","slug":"bolso-de-piel-serrania","status":"publish","type":"product","link":"https:\/\/herama.com\/en\/product\/bolso-de-piel-serrania\/","title":{"rendered":"Bolso de piel &#8220;Serran\u00eda&#8221;"},"content":{"rendered":"<p>El modelo &#8220;Serran\u00eda&#8221; es un art\u00edculo vers\u00e1til y multifuncional de piel de vacuno de curtici\u00f3n vegetal. Puedes utilizarlo como neceser para tus productos de aseo o cosm\u00e9ticos, e incluso como bolso de mano para llevar tu m\u00f3vil y accesorios. Disponible en colores negro, marr\u00f3n y habana, este art\u00edculo cuenta con un interior de raso de tela de calidad en color arena y se cierra mediante cremallera.<br \/>\n\u2194\ufe0f Medidas 19 x 4 x 9cm.<br \/>\n\u2713 Bolso de Piel de vacuno de curtici\u00f3n vegetal.<br \/>\n\u2713 Fabricado en Ubrique.<\/p>\n","protected":false},"excerpt":{"rendered":"<p>Piel de vacuno de curtici\u00f3n vegetal. Con cierre de cremallera. Medidas 19 x 4 x 9cm.<\/p>\n","protected":false},"featured_media":2524,"template":"","meta":[],"product_brand":[],"product_cat":[143],"product_tag":[],"class_list":{"0":"post-2446","1":"product","2":"type-product","3":"status-publish","4":"has-post-thumbnail","6":"product_cat-bolsos-y-neceseres","8":"first","9":"instock","10":"featured","11":"shipping-taxable","12":"purchasable","13":"product-type-variable","14":"has-default-attributes","15":"rtwpvg-product"},"_links":{"self":[{"href":"https:\/\/herama.com\/en\/wp-json\/wp\/v2\/product\/2446","targetHints":{"allow":["GET"]}}],"collection":[{"href":"https:\/\/herama.com\/en\/wp-json\/wp\/v2\/product"}],"about":[{"href":"https:\/\/herama.com\/en\/wp-json\/wp\/v2\/types\/product"}],"wp:featuredmedia":[{"embeddable":true,"href":"https:\/\/herama.com\/en\/wp-json\/wp\/v2\/media\/2524"}],"wp:attachment":[{"href":"https:\/\/herama.com\/en\/wp-json\/wp\/v2\/media?parent=2446"}],"wp:term":[{"taxonomy":"product_brand","embeddable":true,"href":"https:\/\/herama.com\/en\/wp-json\/wp\/v2\/product_brand?post=2446"},{"taxonomy":"product_cat","embeddable":true,"href":"https:\/\/herama.com\/en\/wp-json\/wp\/v2\/product_cat?post=2446"},{"taxonomy":"product_tag","embeddable":true,"href":"https:\/\/herama.com\/en\/wp-json\/wp\/v2\/product_tag?post=2446"}],"curies":[{"name":"wp","href":"https:\/\/api.w.org\/{rel}","templated":true}]}}