{"id":2213,"date":"2023-04-21T11:25:34","date_gmt":"2023-04-21T09:25:34","guid":{"rendered":"https:\/\/herama.com\/cookies-policy\/"},"modified":"2023-06-23T18:03:36","modified_gmt":"2023-06-23T16:03:36","slug":"cookies-policy","status":"publish","type":"page","link":"https:\/\/herama.com\/en\/cookies-policy\/","title":{"rendered":"Cookies policy"},"content":{"rendered":"\t\t<div data-elementor-type=\"wp-page\" data-elementor-id=\"2213\" class=\"elementor elementor-2213 elementor-1756\" data-elementor-post-type=\"page\">\n\t\t\t\t\t\t<section class=\"elementor-section elementor-top-section elementor-element elementor-element-0025667 elementor-section-boxed elementor-section-height-default elementor-section-height-default\" data-id=\"0025667\" data-element_type=\"section\" data-e-type=\"section\" data-settings=\"{&quot;background_background&quot;:&quot;classic&quot;}\">\n\t\t\t\t\t\t\t<div class=\"elementor-background-overlay\"><\/div>\n\t\t\t\t\t\t\t<div class=\"elementor-container elementor-column-gap-no\">\n\t\t\t\t\t<div class=\"elementor-column elementor-col-100 elementor-top-column elementor-element elementor-element-08f75ef\" data-id=\"08f75ef\" data-element_type=\"column\" data-e-type=\"column\">\n\t\t\t<div class=\"elementor-widget-wrap elementor-element-populated\">\n\t\t\t\t\t\t<div class=\"elementor-element elementor-element-b00d2f7 elementor-invisible elementor-widget elementor-widget-heading\" data-id=\"b00d2f7\" data-element_type=\"widget\" data-e-type=\"widget\" data-settings=\"{&quot;_animation&quot;:&quot;zoomInDown&quot;,&quot;motion_fx_motion_fx_scrolling&quot;:&quot;yes&quot;,&quot;motion_fx_opacity_effect&quot;:&quot;yes&quot;,&quot;motion_fx_opacity_direction&quot;:&quot;in-out&quot;,&quot;motion_fx_opacity_range&quot;:{&quot;unit&quot;:&quot;%&quot;,&quot;size&quot;:&quot;&quot;,&quot;sizes&quot;:{&quot;start&quot;:72,&quot;end&quot;:100}},&quot;motion_fx_translateY_effect&quot;:&quot;yes&quot;,&quot;motion_fx_translateY_speed&quot;:{&quot;unit&quot;:&quot;px&quot;,&quot;size&quot;:1,&quot;sizes&quot;:[]},&quot;motion_fx_translateY_affectedRange&quot;:{&quot;unit&quot;:&quot;%&quot;,&quot;size&quot;:&quot;&quot;,&quot;sizes&quot;:{&quot;start&quot;:0,&quot;end&quot;:100}},&quot;motion_fx_opacity_level&quot;:{&quot;unit&quot;:&quot;px&quot;,&quot;size&quot;:10,&quot;sizes&quot;:[]},&quot;motion_fx_devices&quot;:[&quot;desktop&quot;,&quot;tablet&quot;,&quot;mobile&quot;]}\" data-widget_type=\"heading.default\">\n\t\t\t\t<div class=\"elementor-widget-container\">\n\t\t\t\t\t<h1 class=\"elementor-heading-title elementor-size-default\">Cookies policy<\/h1>\t\t\t\t<\/div>\n\t\t\t\t<\/div>\n\t\t\t\t\t<\/div>\n\t\t<\/div>\n\t\t\t\t\t<\/div>\n\t\t<\/section>\n\t\t\t\t<section class=\"elementor-section elementor-top-section elementor-element elementor-element-2e805483 elementor-section-boxed elementor-section-height-default elementor-section-height-default\" data-id=\"2e805483\" data-element_type=\"section\" data-e-type=\"section\">\n\t\t\t\t\t\t<div class=\"elementor-container elementor-column-gap-default\">\n\t\t\t\t\t<div class=\"elementor-column elementor-col-100 elementor-top-column elementor-element elementor-element-74088e2f\" data-id=\"74088e2f\" data-element_type=\"column\" data-e-type=\"column\">\n\t\t\t<div class=\"elementor-widget-wrap elementor-element-populated\">\n\t\t\t\t\t\t<div class=\"elementor-element elementor-element-1f5e59fa elementor-widget elementor-widget-text-editor\" data-id=\"1f5e59fa\" data-element_type=\"widget\" data-e-type=\"widget\" data-widget_type=\"text-editor.default\">\n\t\t\t\t<div class=\"elementor-widget-container\">\n\t\t\t\t\t\t\t\t\t<div>\r\n<p>\u00bfQu\u00e9<strong> son las cookies?<\/strong><br>Una cookie es un fichero que se descarga en su ordenador al acceder a determinadas p\u00e1ginas web. Las cookies permiten a una p\u00e1gina web, entre otras cosas, almacenar y recuperar informaci\u00f3n sobre h\u00e1bitos de navegaci\u00f3n de un usuario o de su equipo y, dependiendo de la informaci\u00f3n que contengan y de la forma que utilice su equipo, pueden utilizarse para reconocer al usuario an\u00f3nimo.<\/p>\r\n<p>Las Cookies se asocian \u00fanicamente a un Usuario an\u00f3nimo y su ordenador y no proporcionan referencias que permitan deducir datos personales del Usuario.<\/p>\r\n<p>En el caso de Usuarios registrados que se registren o que hayan iniciado sesi\u00f3n, podr\u00e1n beneficiarse de unos servicios m\u00e1s personalizados y orientados a su perfil, gracias a la combinaci\u00f3n de los datos almacenados en las cookies con los datos personales utilizados en el momento de su registro. Dichos Usuarios autorizan expresamente el uso de esta informaci\u00f3n con la finalidad indicada, sin perjuicio de su derecho a rechazar o deshabilitar el uso de cookies.<\/p>\r\n<p><strong>Tipolog\u00eda, finalidad y funcionamiento de las Cookies en General.<\/strong><\/p>\r\n<p><strong>1. Tipos de cookies seg\u00fan el plazo de tiempo que permanecen activadas.<br><\/strong>Seg\u00fan el plazo de tiempo que permanecen activadas en el equipo terminal podemos distinguir:<\/p>\r\n<p>\u25cf Cookies de sesi\u00f3n: Son un tipo de cookies dise\u00f1adas para recabar y almacenar datos mientras el usuario accede a una p\u00e1gina web. Se suelen emplear para almacenar&nbsp; informaci\u00f3n que solo interesa conservar para la prestaci\u00f3n del servicio solicitado por el usuario en una sola ocasi\u00f3n (p.e. una lista de productos adquiridos).<\/p>\r\n<p>\u25cf Cookies persistentes: Son un tipo de cookies en el que los datos siguen almacenados en el terminal y pueden ser accedidos y tratados durante un periodo definido por el responsable de la cookie, y que puede ir de unos minutos a varios a\u00f1os.<\/p>\r\n<p><strong>2. Tipos de cookies seg\u00fan la entidad que las gestione.<br><\/strong>Seg\u00fan quien sea la entidad que gestione el equipo o dominio desde donde se env\u00edan las cookies y trate los datos que se obtengan, podemos distinguir:<\/p>\r\n<p>\u25cf Cookies propias: Son aqu\u00e9llas que se env\u00edan al equipo terminal del usuario desde un equipo o dominio gestionado por el propio editor y desde el que se presta el servicio solicitado por el usuario.<\/p>\r\n<p>\u25cf Cookies de tercero: Son aqu\u00e9llas que se env\u00edan al equipo terminal del usuario desde un equipo o dominio que no es gestionado por el editor, sino por otra entidad que trata&nbsp; los datos obtenidos trav\u00e9s de las cookies.<\/p>\r\n<p><strong>3. Tipos de cookies seg\u00fan su finalidad.<\/strong><br>Seg\u00fan la finalidad para la que se traten los datos obtenidos a trav\u00e9s de las cookies, podemos distinguir entre:<\/p>\r\n<p>\u25cf Cookies t\u00e9cnicas: Son aqu\u00e9llas que permiten al usuario la navegaci\u00f3n a trav\u00e9s de una&nbsp;p\u00e1gina web, plataforma o aplicaci\u00f3n y la utilizaci\u00f3n de las diferentes opciones o servicios&nbsp;que en ella existan como, por ejemplo, controlar el tr\u00e1fico y la comunicaci\u00f3n de datos,&nbsp;identificar la sesi\u00f3n, acceder a partes de acceso restringido, recordar los elementos que&nbsp;integran un pedido, realizar el proceso de compra de un pedido, realizar la solicitud de<br>inscripci\u00f3n o participaci\u00f3n en un evento, utilizar elementos de seguridad durante la&nbsp; navegaci\u00f3n, almacenar contenidos para la difusi\u00f3n de videos o sonido o compartir contenidos a trav\u00e9s de redes sociales.<\/p>\r\n<p>\u25cf Cookies de personalizaci\u00f3n: Son aqu\u00e9llas que permiten al usuario acceder al servicio con algunas caracter\u00edsticas de car\u00e1cter general predefinidas en funci\u00f3n de una serie de&nbsp;criterios en el terminal del usuario como por ejemplo serian el idioma, el tipo de&nbsp;navegador a trav\u00e9s del cual accede al servicio, la configuraci\u00f3n regional desde donde&nbsp;accede al servicio, etc.<\/p>\r\n<p>\u25cf Cookies de an\u00e1lisis: Son aqu\u00e9llas que permiten al responsable de las mismas, el seguimiento y an\u00e1lisis del comportamiento de los usuarios de los sitios web a los que est\u00e1n vinculadas. La informaci\u00f3n recogida mediante este tipo de cookies se utiliza en la&nbsp; medici\u00f3n de la actividad de los sitios web, aplicaci\u00f3n o plataforma y para la elaboraci\u00f3n de perfiles de navegaci\u00f3n de los usuarios de dichos sitios, aplicaciones y plataformas, con el fin de introducir mejoras en funci\u00f3n del an\u00e1lisis de los datos de uso que hacen los&nbsp; &nbsp;usuarios del servicio.<\/p>\r\n<p>\u25cf Cookies publicitarias: Son aqu\u00e9llas que permiten la gesti\u00f3n, de la forma m\u00e1s eficaz&nbsp;posible, de los espacios publicitarios que, en su caso, el editor haya incluido en una&nbsp;&nbsp;p\u00e1gina web, aplicaci\u00f3n o plataforma desde la que presta el servicio solicitado en base a&nbsp;criterios como el contenido editado o la frecuencia en la que se muestran los anuncios.&nbsp;<\/p>\r\n<p>\u25cf Cookies de publicidad comportamental: Son aqu\u00e9llas que permiten la gesti\u00f3n, de la forma m\u00e1s eficaz posible, de los espacios publicitarios que, en su caso, el editor haya incluido en una p\u00e1gina web, aplicaci\u00f3n o plataforma desde la que presta el servicio solicitado. Estas cookies almacenan informaci\u00f3n del comportamiento de los usuarios obtenida a trav\u00e9s de la observaci\u00f3n continuada de sus h\u00e1bitos de navegaci\u00f3n, lo que permite desarrollar un perfil espec\u00edfico para mostrar publicidad en funci\u00f3n del mismo.<\/p>\r\n<p><b>Consentimiento y Autorizaci\u00f3n para el uso de cookies<\/b><br>Al acceder a este sitio web por primera vez, ver\u00e1 un espacio o banner donde se le informa&nbsp;de la utilizaci\u00f3n de las cookies y donde puede consultar esta pol\u00edtica de cookies mediante&nbsp;un link. Si usted consiente la utilizaci\u00f3n de cookies, contin\u00faa navegando haciendo uso de&nbsp;la barra de desplazamiento o scroll o hace clic en alg\u00fan link (aceptar) seg\u00fan proceda, se&nbsp;entender\u00e1 que usted ha consentido nuestra pol\u00edtica de cookies y, por tanto, la aceptaci\u00f3n para la instalaci\u00f3n de las mismas en su equipo o dispositivo, excepto en la medida que&nbsp;haya modificado la configuraci\u00f3n de su navegador para rechazar la utilizaci\u00f3n de las&nbsp;mismas.<\/p>\r\n<p><span style=\"color: var( --e-global-color-text ); font-size: 1rem;\"><b>\u00bfQu\u00e9 tipos de cookies utiliza esta p\u00e1gina web en particular?<\/b><\/span><\/p>\r\n<p>Definici\u00f3n, Identificaci\u00f3n y finalidad de las cookies de esta Web no exceptuadas por la&nbsp;LSSI. Ser\u00edan:<\/p>\r\n<p>\u25cf Cookies de an\u00e1lisis: Son aqu\u00e9llas que bien tratadas por nosotros o por terceros, nos&nbsp;permiten cuantificar el n\u00famero de usuarios y as\u00ed realizar la medici\u00f3n y an\u00e1lisis&nbsp;estad\u00edstico de la utilizaci\u00f3n que hacen los usuarios del servicio ofertado. Para ello se analiza su navegaci\u00f3n en nuestra p\u00e1gina web con el fin de mejorar la oferta de&nbsp;productos o servicios que le ofrecemos<\/p>\r\n<p><span style=\"color: var( --e-global-color-text ); font-size: 1rem;\">\u25cf Cookies publicitarias: Son aqu\u00e9llas que, bien tratadas por nosotros o por terceros, nos&nbsp;<\/span><span style=\"color: var( --e-global-color-text ); font-size: 1rem;\">permiten gestionar de la forma m\u00e1s eficaz posible la oferta de los espacios publicitarios&nbsp;<\/span><span style=\"color: var( --e-global-color-text ); font-size: 1rem;\">que hay en la p\u00e1gina web, adecuando el contenido del anuncio al contenido del servicio&nbsp;<\/span><span style=\"color: var( --e-global-color-text ); font-size: 1rem;\">solicitado o al uso que realice de nuestra p\u00e1gina web. Para ello podemos analizar sus&nbsp;<\/span><span style=\"color: var( --e-global-color-text ); font-size: 1rem;\">h\u00e1bitos de navegaci\u00f3n en Internet y podemos mostrarle publicidad relacionada con su&nbsp;<\/span><span style=\"color: var( --e-global-color-text ); font-size: 1rem;\">perfil de navegaci\u00f3n.<\/span><\/p>\r\n<p><b>Cuadro de identificaci\u00f3n de las cookies y finalidad.<\/b><\/p>\r\n<p><\/p>\r\n<p>Nombre del editor, nombre de la cookie, &#8220;tipo&#8221; y Prop\u00f3sito:<br><br><span style=\"color: var( --e-global-color-text ); font-size: 1rem;\"><u><b>1P_JAR, CONSENT, NID<\/b><\/u><br><\/span><span style=\"color: var( --e-global-color-text ); font-size: 1rem;\">TERCEROS<br><\/span><span style=\"color: var( --e-global-color-text ); font-size: 1rem;\">GOOGLE INC.<br><\/span><span style=\"color: var( --e-global-color-text ); font-size: 1rem;\">ESTAS COOKIES&nbsp;<\/span><span style=\"color: var( --e-global-color-text ); font-size: 1rem;\">SON UTILIZADAS&nbsp;<\/span><span style=\"color: var( --e-global-color-text ); font-size: 1rem;\">POR GOOGLE&nbsp;&nbsp;<\/span><span style=\"color: var( --e-global-color-text ); font-size: 1rem;\">PARA&nbsp;<\/span><span style=\"color: var( --e-global-color-text ); font-size: 1rem;\">ALMACENAR LAS&nbsp;&nbsp;<\/span><span style=\"color: var( --e-global-color-text ); font-size: 1rem;\">PREFERENCIAS&nbsp;<\/span><span style=\"color: var( --e-global-color-text ); font-size: 1rem;\">DEL USUARIO Y&nbsp;<\/span><span style=\"color: var( --e-global-color-text ); font-size: 1rem;\">LA&nbsp;<\/span><span style=\"color: var( --e-global-color-text ); font-size: 1rem;\">INFORMACI\u00d3N&nbsp;<\/span><span style=\"color: var( --e-global-color-text ); font-size: 1rem;\">DURANTE LA&nbsp;<\/span><span style=\"color: var( --e-global-color-text ); font-size: 1rem;\">VISUALIZACI\u00d3N&nbsp;<\/span><span style=\"color: var( --e-global-color-text ); font-size: 1rem;\">DE LAS P\u00c1GINAS&nbsp;&nbsp;<\/span><span style=\"color: var( --e-global-color-text ); font-size: 1rem;\">CON LOS MAPAS&nbsp;<\/span><span style=\"color: var( --e-global-color-text ); font-size: 1rem;\">DE GOOGLE EN&nbsp;<\/span><span style=\"color: var( --e-global-color-text ); font-size: 1rem;\">ELLOS.<br><\/span><span style=\"color: var( --e-global-color-text ); font-size: 1rem;\">https:\/\/policies.google.com\/technologies\/cookies?hl=es<\/span><\/p>\r\n<p><span style=\"color: var( --e-global-color-text ); font-size: 1rem;\"><u><b>_GRECAPTCHA<\/b><\/u><br>TERCEROS<br>GOOGLE.COM<br><\/span><span style=\"color: var( --e-global-color-text ); font-size: 1rem;\">UTILIZADA POR&nbsp;<\/span><span style=\"color: var( --e-global-color-text ); font-size: 1rem;\">EL SERVICIO&nbsp;<\/span><span style=\"color: var( --e-global-color-text ); font-size: 1rem;\">GOOGLE&nbsp;<\/span><span style=\"color: var( --e-global-color-text ); font-size: 1rem;\">RECAPTCHA EN&nbsp;<\/span><span style=\"color: var( --e-global-color-text ); font-size: 1rem;\">LOS&nbsp;&nbsp;<\/span><span style=\"color: var( --e-global-color-text ); font-size: 1rem;\">FORMULARIOS&nbsp;<\/span><span style=\"color: var( --e-global-color-text ); font-size: 1rem;\">PARA EVITAR&nbsp;<\/span><span style=\"color: var( --e-global-color-text ); font-size: 1rem;\">SPAM.<\/span><\/p>\r\n<p><u><b>_GA, _GAT, _GID TERCEROS<br><\/b><\/u><span style=\"color: var( --e-global-color-text ); font-size: 1rem;\">(AN\u00c1LISIS)<br><\/span><span style=\"color: var( --e-global-color-text ); font-size: 1rem;\">GOOGLE&nbsp;<\/span><span style=\"color: var( --e-global-color-text ); font-size: 1rem;\">ANALYTICS<br><\/span><span style=\"color: var( --e-global-color-text ); font-size: 1rem;\">ALMACENAN UN&nbsp;<\/span><span style=\"color: var( --e-global-color-text ); font-size: 1rem;\">IDENTIFICADOR&nbsp;<\/span><span style=\"color: var( --e-global-color-text ); font-size: 1rem;\">DE CLIENTE&nbsp;<\/span><span style=\"color: var( --e-global-color-text ); font-size: 1rem;\">\u00daNICO Y SIRVE&nbsp;<\/span><span style=\"color: var( --e-global-color-text ); font-size: 1rem;\">PARA EL&nbsp;<\/span><span style=\"color: var( --e-global-color-text ); font-size: 1rem;\">CONTROL DE&nbsp;&nbsp;<\/span><span style=\"color: var( --e-global-color-text ); font-size: 1rem;\">LAS VISITAS&nbsp;&nbsp;<\/span><span style=\"color: var( --e-global-color-text ); font-size: 1rem;\">\u00daNICAS, DATOS&nbsp;<\/span><span style=\"color: var( --e-global-color-text ); font-size: 1rem;\">DE USUARIOS,&nbsp;<\/span><span style=\"color: var( --e-global-color-text ); font-size: 1rem;\">CAMPA\u00d1AS&#8230;<br><\/span><span style=\"color: var( --e-global-color-text ); font-size: 1rem;\">https:\/\/developers.google.com\/analytics\/devguides\/collection\/analyticsjs\/cookie-usage?hl=es<\/span><\/p>\r\n<p><u><b>_GA_7YCPZPJDLF<\/b><\/u><br>PROPIA<br>HERAMA.COM<\/p>\r\n<p><u><b>COOKIEYES-CONSENT<\/b><\/u><br>PROPIA<br>HERAMA.COM<\/p>\r\n<p><span style=\"color: var( --e-global-color-text ); font-size: 1rem;\"><u><b>WP-WPML_CURRENT_LANGUAGE<\/b><\/u><br>TERCEROS<br>WORDPRESS<br><\/span><span style=\"color: var( --e-global-color-text ); font-size: 1rem;\">GUARDAR&nbsp;<\/span><span style=\"color: var( --e-global-color-text ); font-size: 1rem;\">CONFIGURACI\u00d3N&nbsp;<\/span><span style=\"color: var( --e-global-color-text ); font-size: 1rem;\">DE LENGUAJE<\/span><\/p>\r\n<p>Nota: Las cookies de tipo \u201cPropias\u201d son utilizadas s\u00f3lo por el propietario de esta web y las&nbsp;<span style=\"color: var( --e-global-color-text ); font-size: 1rem;\">cookies \u201cDe terceros\u201d son utilizadas, tambi\u00e9n, por el prestador del servicio que est\u00e1&nbsp;<\/span><span style=\"color: var( --e-global-color-text ); font-size: 1rem;\">detallado en el listado anterior.<\/span><\/p>\r\n<p><span style=\"color: var( --e-global-color-text ); font-size: 1rem;\"><br><b>Configuraci\u00f3n del navegador para la revocaci\u00f3n y retirada del consentimiento&nbsp;<\/b><\/span><span style=\"color: var( --e-global-color-text ); font-size: 1rem;\"><b>para el uso de las cookies.<\/b><\/span><\/p>\r\n<p>HERMANOS RAMOS MANCILLA SL recuerda a sus usuarios de la web que el uso de cookies&nbsp;<span style=\"color: var( --e-global-color-text ); font-size: 1rem;\">podr\u00e1 estar sujeto a su aceptaci\u00f3n durante la instalaci\u00f3n o actualizaci\u00f3n del navegador&nbsp;&nbsp;<\/span><span style=\"color: var( --e-global-color-text ); font-size: 1rem;\">utilizado por \u00e9stos. Esta aceptaci\u00f3n podr\u00e1 ser revocada mediante las opciones de&nbsp;<\/span><span style=\"color: var( --e-global-color-text ); font-size: 1rem;\">configuraci\u00f3n de contenidos y privacidad disponibles en el mismo. HERMANOS RAMOS&nbsp;<\/span><span style=\"color: var( --e-global-color-text ); font-size: 1rem;\">MANCILLA SL recomienda a sus usuarios que consulten la ayuda de su navegador o&nbsp;<\/span><span style=\"color: var( --e-global-color-text ); font-size: 1rem;\">acceda a las p\u00e1ginas web de ayuda de los principales navegadores:<\/span><\/p>\r\n<p>\u25cf Firefox:<br><span style=\"color: var( --e-global-color-text ); font-size: 1rem;\">https:\/\/support.mozilla.org\/es\/kb\/habilitar-y-deshabilitar-cookies-sitios-web-rastrear-prefe<\/span><span style=\"color: var( --e-global-color-text ); font-size: 1rem;\">rencias<\/span><\/p>\r\n<p>\u25cf Chrome:<br><span style=\"color: var( --e-global-color-text ); font-size: 1rem;\">https:\/\/support.google.com\/chrome\/answer\/95647?co=GENIE.Platform%3DDesktop&amp;hl=e<\/span><span style=\"color: var( --e-global-color-text ); font-size: 1rem;\">s-419<\/span><\/p>\r\n<p>\u25cf Explorer:<br><span style=\"color: var( --e-global-color-text ); font-size: 1rem;\">https:\/\/support.microsoft.com\/es-es\/help\/17442\/windows-internet-explorer-delete-manag<\/span><span style=\"color: var( --e-global-color-text ); font-size: 1rem;\">e-cookies<\/span><\/p>\r\n<p>\u25cf Safari:<br>https:\/\/support.apple.com\/es-es\/guide\/safari\/sfri11471\/mac<\/p>\r\n<p>\u25cf Opera:<br>https:\/\/help.opera.com\/en\/latest\/web-preferences\/<\/p>\r\n<p>\u25cf Otros navegadores:<br>consulte la documentaci\u00f3n del navegador que tenga instalado.<\/p>\r\n<p><br>Si el usuario deseara m\u00e1s informaci\u00f3n sobre c\u00f3mo revocar el consentimiento prestado o&nbsp;<span style=\"color: var( --e-global-color-text ); font-size: 1rem;\">sobre el procedimiento para deshabilitar las cookies, as\u00ed como realizar alguna pregunta&nbsp;<\/span><span style=\"color: var( --e-global-color-text ); font-size: 1rem;\">sobre la Pol\u00edtica de Cookies de la web, se puede poner en contacto con HERMANOS RAMOS&nbsp;<\/span><span style=\"color: var( --e-global-color-text ); font-size: 1rem;\">MANCILLA SL a trav\u00e9s de la siguiente direcci\u00f3n INFO@HERAMA.COM indicando en el&nbsp;<\/span><span style=\"color: var( --e-global-color-text ); font-size: 1rem;\">asunto \u201cPol\u00edtica de Cookies\u201d.<\/span><\/p>\r\n<p><br><b>Cambios en la pol\u00edtica de Privacidad \/ Cookies.<br><\/b><span style=\"color: var( --e-global-color-text ); font-size: 1rem;\">La web puede modificar esta Pol\u00edtica de Cookies en funci\u00f3n de exigencias legislativas,&nbsp;<\/span><span style=\"color: var( --e-global-color-text ); font-size: 1rem;\">reglamentarias, o con la finalidad de adaptar dicha pol\u00edtica a las instrucciones dictadas por&nbsp;&nbsp;<\/span><span style=\"color: var( --e-global-color-text ); font-size: 1rem;\">la Agencia Espa\u00f1ola de Protecci\u00f3n de Datos, por ello se aconseja a los Usuarios que la&nbsp;<\/span><span style=\"color: var( --e-global-color-text ); font-size: 1rem;\">visiten peri\u00f3dicamente.<\/span><\/p>\r\n<p>Cuando se produzcan cambios significativos en esta Pol\u00edtica de Cookies, se comunicar\u00e1n a&nbsp;&nbsp;<span style=\"color: var( --e-global-color-text ); font-size: 1rem;\">los Usuarios mediante la web HERAMA.COM.<\/span><\/p>\r\n<\/div>\t\t\t\t\t\t\t\t<\/div>\n\t\t\t\t<\/div>\n\t\t\t\t\t<\/div>\n\t\t<\/div>\n\t\t\t\t\t<\/div>\n\t\t<\/section>\n\t\t\t\t<\/div>\n\t\t","protected":false},"excerpt":{"rendered":"<p>Cookies policy \u00bfQu\u00e9 son las cookies?Una cookie es un fichero que se descarga en su ordenador al acceder a determinadas p\u00e1ginas web. Las cookies permiten a una p\u00e1gina web, entre otras cosas, almacenar y recuperar informaci\u00f3n sobre h\u00e1bitos de navegaci\u00f3n de un usuario o de su equipo y, dependiendo de la informaci\u00f3n que contengan y [&hellip;]<\/p>\n","protected":false},"author":1,"featured_media":0,"parent":0,"menu_order":0,"comment_status":"closed","ping_status":"closed","template":"elementor_theme","meta":{"footnotes":""},"class_list":["post-2213","page","type-page","status-publish","hentry"],"_links":{"self":[{"href":"https:\/\/herama.com\/en\/wp-json\/wp\/v2\/pages\/2213","targetHints":{"allow":["GET"]}}],"collection":[{"href":"https:\/\/herama.com\/en\/wp-json\/wp\/v2\/pages"}],"about":[{"href":"https:\/\/herama.com\/en\/wp-json\/wp\/v2\/types\/page"}],"author":[{"embeddable":true,"href":"https:\/\/herama.com\/en\/wp-json\/wp\/v2\/users\/1"}],"replies":[{"embeddable":true,"href":"https:\/\/herama.com\/en\/wp-json\/wp\/v2\/comments?post=2213"}],"version-history":[{"count":0,"href":"https:\/\/herama.com\/en\/wp-json\/wp\/v2\/pages\/2213\/revisions"}],"wp:attachment":[{"href":"https:\/\/herama.com\/en\/wp-json\/wp\/v2\/media?parent=2213"}],"curies":[{"name":"wp","href":"https:\/\/api.w.org\/{rel}","templated":true}]}}